{"id":15809,"date":"2026-04-06T05:51:20","date_gmt":"2026-04-06T04:51:20","guid":{"rendered":"https:\/\/grillcentrum.shop\/gree\/produkt\/trampolina-ogrodowa-dla-dzieci-duza-16ft-z-drabinka-i-siatka-latwy-montaz\/"},"modified":"2026-04-22T18:42:45","modified_gmt":"2026-04-22T17:42:45","slug":"trampolina-ogrodowa-dla-dzieci-duza-16ft-z-drabinka-i-siatka-latwy-montaz","status":"publish","type":"product","link":"https:\/\/zelmuko.shop\/grill\/produkt\/trampolina-ogrodowa-dla-dzieci-duza-16ft-z-drabinka-i-siatka-latwy-montaz\/","title":{"rendered":"Trampolina Ogrodowa Dla Dzieci Du\u017ca 16FT z Drabink\u0105 i Siatk\u0105 \u0141atwy Monta\u017c"},"content":{"rendered":"<div style=\"font-family: Arial, sans-serif; line-height: 1.6; color: #333; padding: 20px; clear: both; display: block; width: 100%; float: none; position: static; overflow: hidden;\">\n<div style=\"clear: both; display: block; margin: 10px 0;\">\n<div style=\"clear: both; display: block; margin: 10px 0;\">\n<div style=\"clear: both; display: block; margin: 10px 0;\">\n<h1>\u2b50 Trampolina ogrodowa XXXXL dla dzieci HyperMotion &#8211; 487 cm 16FT &#8211; z drabink\u0105 i siatk\u0105 wewn\u0119trzn\u0105 &#8211; do domu i ogrodu &#8211; 150kg max \u2b50<\/h1>\n<p style=\"margin: 15px 0; line-height: 1.8; clear: both; display: block; width: 100%; float: none; position: static;\">\u2705 Marka: <b>HyperMotion<\/b><\/p>\n<p style=\"margin: 15px 0; line-height: 1.8; clear: both; display: block; width: 100%; float: none; position: static;\">\u2705 Model: TRAMPOLINE 16FT<\/p>\n<\/div>\n<\/div>\n<\/div>\n<div style=\"clear: both; display: block; margin: 10px 0;\">\n<div style=\"clear: both; display: block; margin: 10px 0;\">\n<div style=\"clear: both; display: block; margin: 10px 0;\">\n<p style=\"margin: 15px 0; line-height: 1.8; clear: both; display: block; width: 100%; float: none; position: static;\">Nie ma lepszego sposobu na spo\u017cytkowanie nadmiaru energii ni\u017c skakanie! Trampolina z dwustopniow\u0105 drabink\u0105 i siatk\u0105 wewn\u0119trzn\u0105 to niezawodny przepis na rozrywk\u0119, a tak\u017ce atrakcyjna dla smyk\u00f3w forma aktywno\u015bci fizycznej.<\/p>\n<\/div>\n<\/div>\n<\/div>\n<div style=\"clear: both; display: block; margin: 10px 0;\">\n<div style=\"clear: both; display: block; margin: 10px 0;\">\n<div style=\"clear: both; display: block; margin: 10px 0;\">\n<div  style=\"max-width:2000px;max-height:2000px\">\n<div style=\"clear: both; display: block; margin: 10px 0;\">\n<div style=\"clear: both; width: 100%; display: block; margin: 20px 0; padding: 0; float: none; position: static; text-align: center;\"><img decoding=\"async\"  src=\"https:\/\/a.allegroimg.com\/original\/113943\/0412ac1442ec92a7701963930d15\/Trampolina-Ogrodowa-Dla-Dzieci-Duza-16FT-z-Drabinka-i-Siatka-Latwy-Montaz-Kod-producenta-TRAMPOLINE-16FT\" srcset=\"https:\/\/a.allegroimg.com\/original\/113943\/0412ac1442ec92a7701963930d15\/Trampolina-Ogrodowa-Dla-Dzieci-Duza-16FT-z-Drabinka-i-Siatka-Latwy-Montaz-Kod-producenta-TRAMPOLINE-16FT 360w,https:\/\/a.allegroimg.com\/original\/113943\/0412ac1442ec92a7701963930d15\/Trampolina-Ogrodowa-Dla-Dzieci-Duza-16FT-z-Drabinka-i-Siatka-Latwy-Montaz-Kod-producenta-TRAMPOLINE-16FT 720w,https:\/\/a.allegroimg.com\/original\/113943\/0412ac1442ec92a7701963930d15\/Trampolina-Ogrodowa-Dla-Dzieci-Duza-16FT-z-Drabinka-i-Siatka-Latwy-Montaz-Kod-producenta-TRAMPOLINE-16FT 1024w,https:\/\/a.allegroimg.com\/original\/113943\/0412ac1442ec92a7701963930d15\/Trampolina-Ogrodowa-Dla-Dzieci-Duza-16FT-z-Drabinka-i-Siatka-Latwy-Montaz-Kod-producenta-TRAMPOLINE-16FT 1440w,https:\/\/a.allegroimg.com\/original\/113943\/0412ac1442ec92a7701963930d15\/Trampolina-Ogrodowa-Dla-Dzieci-Duza-16FT-z-Drabinka-i-Siatka-Latwy-Montaz-Kod-producenta-TRAMPOLINE-16FT 2000w\" sizes=\"100vw\" width=\"2000px\" alt=\"Trampolina Ogrodowa Dla Dzieci Du\u017ca 16FT z Drabink\u0105 i Siatk\u0105 \u0141atwy Monta\u017c Kod producenta TRAMPOLINE 16FT\" style=\"max-width: 100%; height: auto; display: block; margin: 0 auto;\"><\/div>\n<\/div>\n<\/div>\n<\/div>\n<\/div>\n<\/div>\n<div style=\"clear: both; display: block; margin: 10px 0;\">\n<div style=\"clear: both; display: block; margin: 10px 0;\">\n<div style=\"clear: both; display: block; margin: 10px 0;\">\n<p style=\"margin: 15px 0; line-height: 1.8; clear: both; display: block; width: 100%; float: none; position: static;\">Zapewnij swojemu dziecku fantastyczn\u0105 zabaw\u0119 w domu lub w ogrodzie!&nbsp;<b>Wyposa\u017cona w siatk\u0119 ochronn\u0105<\/b>&nbsp;trampolina sprawdzi si\u0119 zar\u00f3wno na zewn\u0105trz, jak i w pomieszczeniach zamkni\u0119tych. Posiada trwa\u0142\u0105,&nbsp;<b>stabiln\u0105 konstrukcj\u0119,<\/b>&nbsp;a jej monta\u017c z pewno\u015bci\u0105 nie sprawi Ci problemu!<\/p>\n<\/div>\n<\/div>\n<\/div>\n<div style=\"clear: both; display: block; margin: 10px 0;\">\n<div style=\"clear: both; display: block; margin: 10px 0;\">\n<div style=\"clear: both; display: block; margin: 10px 0;\">\n<div  style=\"max-width:2000px;max-height:2000px\">\n<div style=\"clear: both; display: block; margin: 10px 0;\">\n<div style=\"clear: both; width: 100%; display: block; margin: 20px 0; padding: 0; float: none; position: static; text-align: center;\"><img decoding=\"async\"  src=\"https:\/\/a.allegroimg.com\/original\/119d9e\/b1f5f56d48d1ad1d186b29e5851e\/Trampolina-Ogrodowa-Dla-Dzieci-Duza-16FT-z-Drabinka-i-Siatka-Latwy-Montaz\" srcset=\"https:\/\/a.allegroimg.com\/original\/119d9e\/b1f5f56d48d1ad1d186b29e5851e\/Trampolina-Ogrodowa-Dla-Dzieci-Duza-16FT-z-Drabinka-i-Siatka-Latwy-Montaz 360w,https:\/\/a.allegroimg.com\/original\/119d9e\/b1f5f56d48d1ad1d186b29e5851e\/Trampolina-Ogrodowa-Dla-Dzieci-Duza-16FT-z-Drabinka-i-Siatka-Latwy-Montaz 720w,https:\/\/a.allegroimg.com\/original\/119d9e\/b1f5f56d48d1ad1d186b29e5851e\/Trampolina-Ogrodowa-Dla-Dzieci-Duza-16FT-z-Drabinka-i-Siatka-Latwy-Montaz 1024w,https:\/\/a.allegroimg.com\/original\/119d9e\/b1f5f56d48d1ad1d186b29e5851e\/Trampolina-Ogrodowa-Dla-Dzieci-Duza-16FT-z-Drabinka-i-Siatka-Latwy-Montaz 1440w,https:\/\/a.allegroimg.com\/original\/119d9e\/b1f5f56d48d1ad1d186b29e5851e\/Trampolina-Ogrodowa-Dla-Dzieci-Duza-16FT-z-Drabinka-i-Siatka-Latwy-Montaz 2000w\" sizes=\"100vw\" width=\"2000px\" alt=\"Trampolina Ogrodowa Dla Dzieci Du\u017ca 16FT z Drabink\u0105 i Siatk\u0105 \u0141atwy Monta\u017c\" style=\"max-width: 100%; height: auto; display: block; margin: 0 auto;\"><\/div>\n<\/div>\n<\/div>\n<\/div>\n<\/div>\n<\/div>\n<div style=\"clear: both; display: block; margin: 10px 0;\">\n<div style=\"clear: both; display: block; margin: 10px 0;\">\n<div style=\"clear: both; display: block; margin: 10px 0;\">\n<h2>\u25b6\ufe0f&nbsp;G\u0142\u00f3wne cechy<\/h2>\n<p style=\"margin: 15px 0; line-height: 1.8; clear: both; display: block; width: 100%; float: none; position: static;\">\u2705 trampolina wykonana&nbsp;<b>z wytrzyma\u0142ych, wysokogatunkowych materia\u0142\u00f3w<\/b><\/p>\n<p style=\"margin: 15px 0; line-height: 1.8; clear: both; display: block; width: 100%; float: none; position: static;\">\u2705 wysoka odporno\u015b\u0107 na warunki atmosferyczne i promienie UV<\/p>\n<h3 style=\"color: #2c5aa0; font-size: 18px; margin: 30px 0 15px 0; font-weight: bold; clear: both; display: block; width: 100%; float: none; position: static;\">\u2705 w\u0142a\u015bciwo\u015bci szybkoschn\u0105ce i wodoodporne<\/h3>\n<p style=\"margin: 15px 0; line-height: 1.8; clear: both; display: block; width: 100%; float: none; position: static;\">\u2705 nowoczesny, minimalistyczny design<\/p>\n<p style=\"margin: 15px 0; line-height: 1.8; clear: both; display: block; width: 100%; float: none; position: static;\">\u2705 w kszta\u0142cie dyni<\/p>\n<p style=\"margin: 15px 0; line-height: 1.8; clear: both; display: block; width: 100%; float: none; position: static;\">\u2705 dzi\u0119ki ocynkowanym spr\u0119\u017cynom o wysokim napr\u0119\u017ceniu, trampolina zapewnia <b>doskona\u0142\u0105 si\u0142\u0119 odbijania<\/b><\/p>\n<p style=\"margin: 15px 0; line-height: 1.8; clear: both; display: block; width: 100%; float: none; position: static;\"><b>\u2705 w zestawie z drabink\u0105 antypo\u015blizgow\u0105<\/b>&nbsp;u\u0142atwiaj\u0105c\u0105 bezpieczne wej\u015bcie<\/p>\n<p style=\"margin: 15px 0; line-height: 1.8; clear: both; display: block; width: 100%; float: none; position: static;\">\u2705 do\u0142\u0105czona <b>siatka ochronna<\/b>&nbsp;zapobiega przypadkowym upadkom<\/p>\n<p style=\"margin: 15px 0; line-height: 1.8; clear: both; display: block; width: 100%; float: none; position: static;\">\u2705 wyposa\u017cona w <b>6 podw\u00f3jnych n\u00f3\u017cek&nbsp;w kszta\u0142cie litery W<\/b>&nbsp;&#8211; wyj\u0105tkowa stabilno\u015b\u0107 i bezpiecze\u0144stwo<\/p>\n<p style=\"margin: 15px 0; line-height: 1.8; clear: both; display: block; width: 100%; float: none; position: static;\">\u2705 wszystkie spr\u0119\u017cyny i rurki s\u0105 pokryte <b>grub\u0105 piank\u0105<\/b>, co chroni dziecko przed obra\u017ceniami<\/p>\n<p style=\"margin: 15px 0; line-height: 1.8; clear: both; display: block; width: 100%; float: none; position: static;\">\u2705 w kolorze czarnym<\/p>\n<h3 style=\"color: #2c5aa0; font-size: 18px; margin: 30px 0 15px 0; font-weight: bold; clear: both; display: block; width: 100%; float: none; position: static;\">\u2705 szybki i \u0142atwy monta\u017c<\/h3>\n<p style=\"margin: 15px 0; line-height: 1.8; clear: both; display: block; width: 100%; float: none; position: static;\">\u2705 odpowiednia dla dzieci powy\u017cej 3. roku \u017cycia<\/p>\n<\/div>\n<\/div>\n<div style=\"clear: both; display: block; margin: 10px 0;\">\n<div style=\"clear: both; display: block; margin: 10px 0;\">\n<div  style=\"max-width:2000px;max-height:2000px\">\n<div style=\"clear: both; display: block; margin: 10px 0;\">\n<div style=\"clear: both; width: 100%; display: block; margin: 20px 0; padding: 0; float: none; position: static; text-align: center;\"><img decoding=\"async\"  src=\"https:\/\/a.allegroimg.com\/original\/118fee\/d024e6de401cb556bdd0688f418c\/Trampolina-Ogrodowa-Dla-Dzieci-Duza-16FT-z-Drabinka-i-Siatka-Latwy-Montaz-Stan-opakowania-oryginalne\" srcset=\"https:\/\/a.allegroimg.com\/original\/118fee\/d024e6de401cb556bdd0688f418c\/Trampolina-Ogrodowa-Dla-Dzieci-Duza-16FT-z-Drabinka-i-Siatka-Latwy-Montaz-Stan-opakowania-oryginalne 360w,https:\/\/a.allegroimg.com\/original\/118fee\/d024e6de401cb556bdd0688f418c\/Trampolina-Ogrodowa-Dla-Dzieci-Duza-16FT-z-Drabinka-i-Siatka-Latwy-Montaz-Stan-opakowania-oryginalne 720w,https:\/\/a.allegroimg.com\/original\/118fee\/d024e6de401cb556bdd0688f418c\/Trampolina-Ogrodowa-Dla-Dzieci-Duza-16FT-z-Drabinka-i-Siatka-Latwy-Montaz-Stan-opakowania-oryginalne 1024w,https:\/\/a.allegroimg.com\/original\/118fee\/d024e6de401cb556bdd0688f418c\/Trampolina-Ogrodowa-Dla-Dzieci-Duza-16FT-z-Drabinka-i-Siatka-Latwy-Montaz-Stan-opakowania-oryginalne 1440w,https:\/\/a.allegroimg.com\/original\/118fee\/d024e6de401cb556bdd0688f418c\/Trampolina-Ogrodowa-Dla-Dzieci-Duza-16FT-z-Drabinka-i-Siatka-Latwy-Montaz-Stan-opakowania-oryginalne 2000w\" sizes=\"(min-width: 1200px) 560px, (min-width: 992px) 50vw, 100vw\" width=\"2000px\" alt=\"Trampolina Ogrodowa Dla Dzieci Du\u017ca 16FT z Drabink\u0105 i Siatk\u0105 \u0141atwy Monta\u017c Stan opakowania oryginalne\" style=\"max-width: 100%; height: auto; display: block; margin: 0 auto;\"><\/div>\n<\/div>\n<\/div>\n<\/div>\n<\/div>\n<\/div>\n<div style=\"clear: both; display: block; margin: 10px 0;\">\n<div style=\"clear: both; display: block; margin: 10px 0;\">\n<div style=\"clear: both; display: block; margin: 10px 0;\">\n<div  style=\"max-width:2000px;max-height:2000px\">\n<div style=\"clear: both; display: block; margin: 10px 0;\">\n<div style=\"clear: both; width: 100%; display: block; margin: 20px 0; padding: 0; float: none; position: static; text-align: center;\"><img decoding=\"async\"  src=\"https:\/\/a.allegroimg.com\/original\/11465c\/4fc67b8f4055a3f97c10f3d91957\/Trampolina-Ogrodowa-Dla-Dzieci-Duza-16FT-z-Drabinka-i-Siatka-Latwy-Montaz-Wiek-dziecka-3-lata\" srcset=\"https:\/\/a.allegroimg.com\/original\/11465c\/4fc67b8f4055a3f97c10f3d91957\/Trampolina-Ogrodowa-Dla-Dzieci-Duza-16FT-z-Drabinka-i-Siatka-Latwy-Montaz-Wiek-dziecka-3-lata 360w,https:\/\/a.allegroimg.com\/original\/11465c\/4fc67b8f4055a3f97c10f3d91957\/Trampolina-Ogrodowa-Dla-Dzieci-Duza-16FT-z-Drabinka-i-Siatka-Latwy-Montaz-Wiek-dziecka-3-lata 720w,https:\/\/a.allegroimg.com\/original\/11465c\/4fc67b8f4055a3f97c10f3d91957\/Trampolina-Ogrodowa-Dla-Dzieci-Duza-16FT-z-Drabinka-i-Siatka-Latwy-Montaz-Wiek-dziecka-3-lata 1024w,https:\/\/a.allegroimg.com\/original\/11465c\/4fc67b8f4055a3f97c10f3d91957\/Trampolina-Ogrodowa-Dla-Dzieci-Duza-16FT-z-Drabinka-i-Siatka-Latwy-Montaz-Wiek-dziecka-3-lata 1440w,https:\/\/a.allegroimg.com\/original\/11465c\/4fc67b8f4055a3f97c10f3d91957\/Trampolina-Ogrodowa-Dla-Dzieci-Duza-16FT-z-Drabinka-i-Siatka-Latwy-Montaz-Wiek-dziecka-3-lata 2000w\" sizes=\"(min-width: 1200px) 560px, (min-width: 992px) 50vw, 100vw\" width=\"2000px\" alt=\"Trampolina Ogrodowa Dla Dzieci Du\u017ca 16FT z Drabink\u0105 i Siatk\u0105 \u0141atwy Monta\u017c Wiek dziecka 3 lata +\" style=\"max-width: 100%; height: auto; display: block; margin: 0 auto;\"><\/div>\n<\/div>\n<\/div>\n<\/div>\n<\/div>\n<div style=\"clear: both; display: block; margin: 10px 0;\">\n<div style=\"clear: both; display: block; margin: 10px 0;\">\n<div  style=\"max-width:2000px;max-height:2000px\">\n<div style=\"clear: both; display: block; margin: 10px 0;\">\n<div style=\"clear: both; width: 100%; display: block; margin: 20px 0; padding: 0; float: none; position: static; text-align: center;\"><img decoding=\"async\"  src=\"https:\/\/a.allegroimg.com\/original\/116f63\/cdd2dc5d4800abcfcb0a755fcb16\/Trampolina-Ogrodowa-Dla-Dzieci-Duza-16FT-z-Drabinka-i-Siatka-Latwy-Montaz-Rozmiar-ft-16-487-500-cm\" srcset=\"https:\/\/a.allegroimg.com\/original\/116f63\/cdd2dc5d4800abcfcb0a755fcb16\/Trampolina-Ogrodowa-Dla-Dzieci-Duza-16FT-z-Drabinka-i-Siatka-Latwy-Montaz-Rozmiar-ft-16-487-500-cm 360w,https:\/\/a.allegroimg.com\/original\/116f63\/cdd2dc5d4800abcfcb0a755fcb16\/Trampolina-Ogrodowa-Dla-Dzieci-Duza-16FT-z-Drabinka-i-Siatka-Latwy-Montaz-Rozmiar-ft-16-487-500-cm 720w,https:\/\/a.allegroimg.com\/original\/116f63\/cdd2dc5d4800abcfcb0a755fcb16\/Trampolina-Ogrodowa-Dla-Dzieci-Duza-16FT-z-Drabinka-i-Siatka-Latwy-Montaz-Rozmiar-ft-16-487-500-cm 1024w,https:\/\/a.allegroimg.com\/original\/116f63\/cdd2dc5d4800abcfcb0a755fcb16\/Trampolina-Ogrodowa-Dla-Dzieci-Duza-16FT-z-Drabinka-i-Siatka-Latwy-Montaz-Rozmiar-ft-16-487-500-cm 1440w,https:\/\/a.allegroimg.com\/original\/116f63\/cdd2dc5d4800abcfcb0a755fcb16\/Trampolina-Ogrodowa-Dla-Dzieci-Duza-16FT-z-Drabinka-i-Siatka-Latwy-Montaz-Rozmiar-ft-16-487-500-cm 2000w\" sizes=\"(min-width: 1200px) 560px, (min-width: 992px) 50vw, 100vw\" width=\"2000px\" alt=\"Trampolina Ogrodowa Dla Dzieci Du\u017ca 16FT z Drabink\u0105 i Siatk\u0105 \u0141atwy Monta\u017c Rozmiar (ft) 16 (487-500 cm)\" style=\"max-width: 100%; height: auto; display: block; margin: 0 auto;\"><\/div>\n<\/div>\n<\/div>\n<\/div>\n<\/div>\n<\/div>\n<div style=\"clear: both; display: block; margin: 10px 0;\">\n<div style=\"clear: both; display: block; margin: 10px 0;\">\n<div style=\"clear: both; display: block; margin: 10px 0;\">\n<h2>\u25b6\ufe0f Maksymalna ochrona<\/h2>\n<p style=\"margin: 15px 0; line-height: 1.8; clear: both; display: block; width: 100%; float: none; position: static;\"><b>Pr\u0119ty z w\u0142\u00f3kna szklanego zapewniaj\u0105 odpowiednie napi\u0119cie siatki ochronnej<\/b>, co sprawia, \u017ce jest ona idealnie napr\u0119\u017cona. Dzi\u0119ki temu siatka doskonale amortyzuje upadki i zachowuje swoj\u0105 form\u0119, gwarantuj\u0105c najwy\u017cszy poziom bezpiecze\u0144stwa. Twoje dzieci mog\u0105 skaka\u0107 bez obaw, ciesz\u0105c si\u0119 maksymaln\u0105 ochron\u0105 przy ka\u017cdym skoku!<\/p>\n<\/div>\n<\/div>\n<\/div>\n<div style=\"clear: both; display: block; margin: 10px 0;\">\n<div style=\"clear: both; display: block; margin: 10px 0;\">\n<div style=\"clear: both; display: block; margin: 10px 0;\">\n<div  style=\"max-width:2000px;max-height:2000px\">\n<div style=\"clear: both; display: block; margin: 10px 0;\">\n<div style=\"clear: both; width: 100%; display: block; margin: 20px 0; padding: 0; float: none; position: static; text-align: center;\"><img decoding=\"async\"  src=\"https:\/\/a.allegroimg.com\/original\/11e2aa\/d8f042bc4f6892a3d84645a6c343\/Trampolina-Ogrodowa-Dla-Dzieci-Duza-16FT-z-Drabinka-i-Siatka-Latwy-Montaz-Wysokosc-siatki-176-cm\" srcset=\"https:\/\/a.allegroimg.com\/original\/11e2aa\/d8f042bc4f6892a3d84645a6c343\/Trampolina-Ogrodowa-Dla-Dzieci-Duza-16FT-z-Drabinka-i-Siatka-Latwy-Montaz-Wysokosc-siatki-176-cm 360w,https:\/\/a.allegroimg.com\/original\/11e2aa\/d8f042bc4f6892a3d84645a6c343\/Trampolina-Ogrodowa-Dla-Dzieci-Duza-16FT-z-Drabinka-i-Siatka-Latwy-Montaz-Wysokosc-siatki-176-cm 720w,https:\/\/a.allegroimg.com\/original\/11e2aa\/d8f042bc4f6892a3d84645a6c343\/Trampolina-Ogrodowa-Dla-Dzieci-Duza-16FT-z-Drabinka-i-Siatka-Latwy-Montaz-Wysokosc-siatki-176-cm 1024w,https:\/\/a.allegroimg.com\/original\/11e2aa\/d8f042bc4f6892a3d84645a6c343\/Trampolina-Ogrodowa-Dla-Dzieci-Duza-16FT-z-Drabinka-i-Siatka-Latwy-Montaz-Wysokosc-siatki-176-cm 1440w,https:\/\/a.allegroimg.com\/original\/11e2aa\/d8f042bc4f6892a3d84645a6c343\/Trampolina-Ogrodowa-Dla-Dzieci-Duza-16FT-z-Drabinka-i-Siatka-Latwy-Montaz-Wysokosc-siatki-176-cm 2000w\" sizes=\"(min-width: 1200px) 560px, (min-width: 992px) 50vw, 100vw\" width=\"2000px\" alt=\"Trampolina Ogrodowa Dla Dzieci Du\u017ca 16FT z Drabink\u0105 i Siatk\u0105 \u0141atwy Monta\u017c Wysoko\u015b\u0107 siatki 176 cm\" style=\"max-width: 100%; height: auto; display: block; margin: 0 auto;\"><\/div>\n<\/div>\n<\/div>\n<\/div>\n<\/div>\n<div style=\"clear: both; display: block; margin: 10px 0;\">\n<div style=\"clear: both; display: block; margin: 10px 0;\">\n<div  style=\"max-width:2000px;max-height:2000px\">\n<div style=\"clear: both; display: block; margin: 10px 0;\">\n<div style=\"clear: both; width: 100%; display: block; margin: 20px 0; padding: 0; float: none; position: static; text-align: center;\"><img decoding=\"async\"  src=\"https:\/\/a.allegroimg.com\/original\/115795\/2066f6ac461e956c32d548812336\/Trampolina-Ogrodowa-Dla-Dzieci-Duza-16FT-z-Drabinka-i-Siatka-Latwy-Montaz-Ksztalt-okragly\" srcset=\"https:\/\/a.allegroimg.com\/original\/115795\/2066f6ac461e956c32d548812336\/Trampolina-Ogrodowa-Dla-Dzieci-Duza-16FT-z-Drabinka-i-Siatka-Latwy-Montaz-Ksztalt-okragly 360w,https:\/\/a.allegroimg.com\/original\/115795\/2066f6ac461e956c32d548812336\/Trampolina-Ogrodowa-Dla-Dzieci-Duza-16FT-z-Drabinka-i-Siatka-Latwy-Montaz-Ksztalt-okragly 720w,https:\/\/a.allegroimg.com\/original\/115795\/2066f6ac461e956c32d548812336\/Trampolina-Ogrodowa-Dla-Dzieci-Duza-16FT-z-Drabinka-i-Siatka-Latwy-Montaz-Ksztalt-okragly 1024w,https:\/\/a.allegroimg.com\/original\/115795\/2066f6ac461e956c32d548812336\/Trampolina-Ogrodowa-Dla-Dzieci-Duza-16FT-z-Drabinka-i-Siatka-Latwy-Montaz-Ksztalt-okragly 1440w,https:\/\/a.allegroimg.com\/original\/115795\/2066f6ac461e956c32d548812336\/Trampolina-Ogrodowa-Dla-Dzieci-Duza-16FT-z-Drabinka-i-Siatka-Latwy-Montaz-Ksztalt-okragly 2000w\" sizes=\"(min-width: 1200px) 560px, (min-width: 992px) 50vw, 100vw\" width=\"2000px\" alt=\"Trampolina Ogrodowa Dla Dzieci Du\u017ca 16FT z Drabink\u0105 i Siatk\u0105 \u0141atwy Monta\u017c Kszta\u0142t okr\u0105g\u0142y\" style=\"max-width: 100%; height: auto; display: block; margin: 0 auto;\"><\/div>\n<\/div>\n<\/div>\n<\/div>\n<\/div>\n<\/div>\n<div style=\"clear: both; display: block; margin: 10px 0;\">\n<div style=\"clear: both; display: block; margin: 10px 0;\">\n<div style=\"clear: both; display: block; margin: 10px 0;\">\n<h2>\u25b6\ufe0f<\/p>\n","protected":false},"excerpt":{"rendered":"<p>\u2b50 Trampolina ogrodowa XXXXL dla dzieci HyperMotion &#8211; 487 cm 16FT &#8211; z drabink\u0105 i siatk\u0105 wewn\u0119trzn\u0105 &#8211; do domu i ogrodu &#8211; 150kg max \u2b50<\/p>\n<p>\u2705 Marka: HyperMotion<\/p>\n<p>\u2705 Model: TRAMPOLINE 16FT<\/p>\n<p>Nie ma lepszego sposobu na spo\u017cytkowanie nadmiaru energii ni\u017c skakanie! Trampolina z dwustopniow\u0105 drabink\u0105 i siatk\u0105 wewn\u0119trzn\u0105 to niezawodny przepis na rozrywk\u0119, a tak\u017ce atrakcyjna dla smyk\u00f3w forma aktywno\u015bci fizycznej.<\/p>\n","protected":false},"featured_media":15810,"template":"","meta":{"_uag_custom_page_level_css":""},"product_brand":[861],"product_cat":[541,864,863,862],"product_tag":[],"class_list":{"0":"post-15809","1":"product","2":"type-product","3":"status-publish","4":"has-post-thumbnail","6":"product_brand-hypermotion","7":"product_cat-ogrod","8":"product_cat-trampoliny","9":"product_cat-trampoliny-i-akcesoria","10":"product_cat-zabawki-ogrodowe","12":"first","13":"instock","14":"sale","15":"shipping-taxable","16":"purchasable","17":"product-type-simple"},"uagb_featured_image_src":{"full":["https:\/\/zelmuko.shop\/grill\/wp-content\/uploads\/2026\/04\/allegro-image-15809.jpg",2000,2000,false],"thumbnail":["https:\/\/zelmuko.shop\/grill\/wp-content\/uploads\/2026\/04\/allegro-image-15809-150x150.jpg",150,150,true],"medium":["https:\/\/zelmuko.shop\/grill\/wp-content\/uploads\/2026\/04\/allegro-image-15809-300x300.jpg",300,300,true],"medium_large":["https:\/\/zelmuko.shop\/grill\/wp-content\/uploads\/2026\/04\/allegro-image-15809-768x768.jpg",768,768,true],"large":["https:\/\/zelmuko.shop\/grill\/wp-content\/uploads\/2026\/04\/allegro-image-15809-1024x1024.jpg",1024,1024,true],"1536x1536":["https:\/\/zelmuko.shop\/grill\/wp-content\/uploads\/2026\/04\/allegro-image-15809-1536x1536.jpg",1536,1536,true],"2048x2048":["https:\/\/zelmuko.shop\/grill\/wp-content\/uploads\/2026\/04\/allegro-image-15809.jpg",2000,2000,false],"woocommerce_thumbnail":["https:\/\/zelmuko.shop\/grill\/wp-content\/uploads\/2026\/04\/allegro-image-15809-300x300.jpg",300,300,true],"woocommerce_single":["https:\/\/zelmuko.shop\/grill\/wp-content\/uploads\/2026\/04\/allegro-image-15809-600x600.jpg",600,600,true],"woocommerce_gallery_thumbnail":["https:\/\/zelmuko.shop\/grill\/wp-content\/uploads\/2026\/04\/allegro-image-15809-100x100.jpg",100,100,true]},"uagb_author_info":{"display_name":"admin","author_link":"https:\/\/zelmuko.shop\/grill\/author\/"},"uagb_comment_info":0,"uagb_excerpt":"\u2b50 Trampolina ogrodowa XXXXL dla dzieci HyperMotion - 487 cm 16FT - z drabink\u0105 i siatk\u0105 wewn\u0119trzn\u0105 - do domu i ogrodu - 150kg max \u2b50 \u2705 Marka: HyperMotion \u2705 Model: TRAMPOLINE 16FT Nie ma lepszego sposobu na spo\u017cytkowanie nadmiaru energii ni\u017c skakanie! Trampolina z dwustopniow\u0105 drabink\u0105 i siatk\u0105 wewn\u0119trzn\u0105 to niezawodny przepis na rozrywk\u0119,&hellip;","_links":{"self":[{"href":"https:\/\/zelmuko.shop\/grill\/wp-json\/wp\/v2\/product\/15809","targetHints":{"allow":["GET"]}}],"collection":[{"href":"https:\/\/zelmuko.shop\/grill\/wp-json\/wp\/v2\/product"}],"about":[{"href":"https:\/\/zelmuko.shop\/grill\/wp-json\/wp\/v2\/types\/product"}],"wp:featuredmedia":[{"embeddable":true,"href":"https:\/\/zelmuko.shop\/grill\/wp-json\/wp\/v2\/media\/15810"}],"wp:attachment":[{"href":"https:\/\/zelmuko.shop\/grill\/wp-json\/wp\/v2\/media?parent=15809"}],"wp:term":[{"taxonomy":"product_brand","embeddable":true,"href":"https:\/\/zelmuko.shop\/grill\/wp-json\/wp\/v2\/product_brand?post=15809"},{"taxonomy":"product_cat","embeddable":true,"href":"https:\/\/zelmuko.shop\/grill\/wp-json\/wp\/v2\/product_cat?post=15809"},{"taxonomy":"product_tag","embeddable":true,"href":"https:\/\/zelmuko.shop\/grill\/wp-json\/wp\/v2\/product_tag?post=15809"}],"curies":[{"name":"wp","href":"https:\/\/api.w.org\/{rel}","templated":true}]}}